{"id":9,"date":"2013-01-10T22:28:26","date_gmt":"2013-01-10T20:28:26","guid":{"rendered":"http:\/\/localhost\/wordpress\/?page_id=9"},"modified":"2020-03-20T14:00:38","modified_gmt":"2020-03-20T12:00:38","slug":"yhteystiedot","status":"publish","type":"page","link":"https:\/\/www.raunisipila.fi\/?page_id=9","title":{"rendered":"Yhteystiedot"},"content":{"rendered":"<p><strong>Rauni Sipil\u00e4<\/strong><\/p>\n<p>Osoite: Mannerheimintie 47 a 13, 00250 Helsinki<br \/>\nTy\u00f6huone: Niementie 20, 39100 H\u00e4meenkyr\u00f6<\/p>\n<p><a href=\"http:\/\/www.kuvataiteilijamatrikkeli.fi\" target=\"_blank\" rel=\"noopener noreferrer\">www.kuvataiteilijamatrikkeli.fi<\/a><\/p>\n<p><a href=\"http:\/\/www.taidelainaamo.fi\" target=\"_blank\" rel=\"noopener noreferrer\">www.taidelainaamo.fi<\/a><\/p>\n<p>Maalauksiani on n\u00e4ht\u00e4v\u00e4n\u00e4 ja ostettavissa Taidelainaamon lis\u00e4ksi ty\u00f6huoneellani H\u00e4meenkyr\u00f6ss\u00e4. Ota yhteytt\u00e4, tervetuloa k\u00e4ym\u00e4\u00e4n!<\/p>\n<h3><strong>Ota yhteytt\u00e4 !<\/strong><\/h3>\n<div class=\"wpforms-container wpforms-container-full\" id=\"wpforms-432\"><form id=\"wpforms-form-432\" class=\"wpforms-validate wpforms-form\" data-formid=\"432\" method=\"post\" enctype=\"multipart\/form-data\" action=\"\/index.php?rest_route=%2Fwp%2Fv2%2Fpages%2F9\" data-token=\"3c18729e6eb16a66c90322a9e5be2e1e\" data-token-time=\"1776603708\"><noscript class=\"wpforms-error-noscript\">Please enable JavaScript in your browser to complete this form.<\/noscript><div class=\"wpforms-field-container\"><div id=\"wpforms-432-field_0-container\" class=\"wpforms-field wpforms-field-name\" data-field-id=\"0\"><label class=\"wpforms-field-label\" for=\"wpforms-432-field_0\">Nimi <span class=\"wpforms-required-label\">*<\/span><\/label><input type=\"text\" id=\"wpforms-432-field_0\" class=\"wpforms-field-medium wpforms-field-required\" name=\"wpforms[fields][0]\" required><\/div><div id=\"wpforms-432-field_1-container\" class=\"wpforms-field wpforms-field-email\" data-field-id=\"1\"><label class=\"wpforms-field-label\" for=\"wpforms-432-field_1\">S\u00e4hk\u00f6posti <span class=\"wpforms-required-label\">*<\/span><\/label><input type=\"email\" id=\"wpforms-432-field_1\" class=\"wpforms-field-medium wpforms-field-required\" name=\"wpforms[fields][1]\" spellcheck=\"false\" required><\/div><div id=\"wpforms-432-field_2-container\" class=\"wpforms-field wpforms-field-textarea\" data-field-id=\"2\"><label class=\"wpforms-field-label\" for=\"wpforms-432-field_2\">Viesti <span class=\"wpforms-required-label\">*<\/span><\/label><textarea id=\"wpforms-432-field_2\" class=\"wpforms-field-medium wpforms-field-required\" name=\"wpforms[fields][2]\" required><\/textarea><\/div><div id=\"wpforms-432-field_3-container\" class=\"wpforms-field wpforms-field-email\" data-field-id=\"3\"><label class=\"wpforms-field-label\" for=\"wpforms-432-field_3\">Email <span class=\"wpforms-required-label\">*<\/span><\/label><input type=\"email\" id=\"wpforms-432-field_3\" class=\"wpforms-field-medium wpforms-field-required\" name=\"wpforms[fields][3]\" spellcheck=\"false\" required><\/div><\/div><!-- .wpforms-field-container --><div class=\"wpforms-field wpforms-field-hp\"><label for=\"wpforms-432-field-hp\" class=\"wpforms-field-label\">Email<\/label><input type=\"text\" name=\"wpforms[hp]\" id=\"wpforms-432-field-hp\" class=\"wpforms-field-medium\"><\/div><div class=\"wpforms-submit-container\" ><input type=\"hidden\" name=\"wpforms[id]\" value=\"432\"><input type=\"hidden\" name=\"page_title\" value=\"\"><input type=\"hidden\" name=\"page_url\" value=\"https:\/\/www.raunisipila.fi\/index.php?rest_route=\/wp\/v2\/pages\/9\"><input type=\"hidden\" name=\"url_referer\" value=\"\"><button type=\"submit\" name=\"wpforms[submit]\" id=\"wpforms-submit-432\" class=\"wpforms-submit\" data-alt-text=\"L\u00e4hett\u00e4\u00e4...\" data-submit-text=\"L\u00e4het\u00e4\" aria-live=\"assertive\" value=\"wpforms-submit\">L\u00e4het\u00e4<\/button><\/div><\/form><\/div>  <!-- .wpforms-container -->\n<form action=\"http:\/\/sinirinta.sigmatic.fi\/cgi-bin\/formmail.pl\" method=\"POST\"><input name=\"recipient\" type=\"hidden\" value=\"rauni.sipila@kolumbus.fi\">&nbsp;&nbsp;&nbsp;&nbsp;&nbsp;<\/p>\n<p>&nbsp;<\/p>\n<\/form>\n","protected":false},"excerpt":{"rendered":"<p>Rauni Sipil\u00e4 Osoite: Mannerheimintie 47 a 13, 00250 Helsinki Ty\u00f6huone: Niementie 20, 39100 H\u00e4meenkyr\u00f6 www.kuvataiteilijamatrikkeli.fi www.taidelainaamo.fi Maalauksiani on n\u00e4ht\u00e4v\u00e4n\u00e4 ja ostettavissa Taidelainaamon lis\u00e4ksi ty\u00f6huoneellani H\u00e4meenkyr\u00f6ss\u00e4. Ota yhteytt\u00e4, tervetuloa k\u00e4ym\u00e4\u00e4n! Ota yhteytt\u00e4 ! &nbsp;&nbsp;&nbsp;&nbsp;&nbsp; &nbsp;<\/p>\n","protected":false},"author":1,"featured_media":0,"parent":0,"menu_order":0,"comment_status":"open","ping_status":"open","template":"page-templates\/front-page.php","meta":{"ngg_post_thumbnail":0,"footnotes":""},"class_list":["post-9","page","type-page","status-publish","hentry"],"_links":{"self":[{"href":"https:\/\/www.raunisipila.fi\/index.php?rest_route=\/wp\/v2\/pages\/9","targetHints":{"allow":["GET"]}}],"collection":[{"href":"https:\/\/www.raunisipila.fi\/index.php?rest_route=\/wp\/v2\/pages"}],"about":[{"href":"https:\/\/www.raunisipila.fi\/index.php?rest_route=\/wp\/v2\/types\/page"}],"author":[{"embeddable":true,"href":"https:\/\/www.raunisipila.fi\/index.php?rest_route=\/wp\/v2\/users\/1"}],"replies":[{"embeddable":true,"href":"https:\/\/www.raunisipila.fi\/index.php?rest_route=%2Fwp%2Fv2%2Fcomments&post=9"}],"version-history":[{"count":34,"href":"https:\/\/www.raunisipila.fi\/index.php?rest_route=\/wp\/v2\/pages\/9\/revisions"}],"predecessor-version":[{"id":433,"href":"https:\/\/www.raunisipila.fi\/index.php?rest_route=\/wp\/v2\/pages\/9\/revisions\/433"}],"wp:attachment":[{"href":"https:\/\/www.raunisipila.fi\/index.php?rest_route=%2Fwp%2Fv2%2Fmedia&parent=9"}],"curies":[{"name":"wp","href":"https:\/\/api.w.org\/{rel}","templated":true}]}}