{"id":20,"date":"2013-01-10T22:34:58","date_gmt":"2013-01-10T20:34:58","guid":{"rendered":"http:\/\/localhost\/wordpress\/?page_id=20"},"modified":"2019-11-14T09:39:37","modified_gmt":"2019-11-14T07:39:37","slug":"omin-sanoin","status":"publish","type":"page","link":"https:\/\/www.raunisipila.fi\/?page_id=20","title":{"rendered":"Ajatuksia taiteestani"},"content":{"rendered":"<table>\n<tbody>\n<tr>\n<td valign=\"top\">Kuvaan \u00f6ljymaalauksissani avoimia, rajoittamattomia tiloja, jotka ovat<br \/>\nik\u00e4\u00e4n kuin v\u00e4l\u00e4hdyksi\u00e4 jatkuvasta tapahtumien sarjasta. Muuntumisen ja<br \/>\navoimuuden ajatus kuvastaa my\u00f6s ty\u00f6skentelyprosessiani. Maalatessa<br \/>\njoutuu vastaamaan samoihin kysymyksiin kuin muissakin el\u00e4m\u00e4n ja arjen tilanteissa. Pohdin mill\u00e4 tavoin maalaus voi sek\u00e4 kuvata ett\u00e4 tukea muutosvalmiutta ja menneeseen takertumatonta mielt\u00e4.<\/p>\n<p>Akvarelleja maalatessani otteeni on toisenlainen. Tarkastelen graafisen<br \/>\naiheen suhdetta tilaan ja peruspintaan sek\u00e4 v\u00e4rin ja muodon keskin\u00e4ist\u00e4<br \/>\nsuhdetta.<\/p>\n<p>Katsoja tarkastelee maalausta omien kokemustensa ja muistojensa kautta.<br \/>\nJoku n\u00e4kee vett\u00e4, joku toinen kasvimaailman aiheita. Ehk\u00e4 koetaan vain tunnetiloja, iloa, levollisuutta, uteliaisuutta, ristiriitaa, \u00e4rtymyst\u00e4.<\/p>\n<p>Ei ole yht\u00e4 oikeaa tapaa tulkita maalausta. Katsojan tunne ja ajatus,<br \/>\nmit\u00e4 tahansa se onkin, on arvokas ja h\u00e4nen omansa. Vain n\u00e4htyn\u00e4 ja<br \/>\nkoettuna maalaus voi jatkaa el\u00e4m\u00e4\u00e4ns\u00e4.<\/td>\n<td width=\"30px;\">&nbsp;<\/td>\n<td valign=\"top\"><a href=\"https:\/\/www.raunisipila.fi\/?attachment_id=288\"><img loading=\"lazy\" decoding=\"async\" class=\"alignnone wp-image-288 size-medium\" src=\"https:\/\/www.raunisipila.fi\/wp-content\/uploads\/2019\/11\/Rauni1-300x223.jpg\" alt=\"\" width=\"300\" height=\"223\" srcset=\"https:\/\/raunisipila.fi\/wp-content\/uploads\/2019\/11\/Rauni1-300x223.jpg 300w, https:\/\/raunisipila.fi\/wp-content\/uploads\/2019\/11\/Rauni1-768x570.jpg 768w, https:\/\/raunisipila.fi\/wp-content\/uploads\/2019\/11\/Rauni1-1024x760.jpg 1024w\" sizes=\"auto, (max-width: 300px) 100vw, 300px\" \/><\/a><\/td>\n<\/tr>\n<\/tbody>\n<\/table>\n<p>&nbsp;<\/p>\n","protected":false},"excerpt":{"rendered":"<p>Kuvaan \u00f6ljymaalauksissani avoimia, rajoittamattomia tiloja, jotka ovat ik\u00e4\u00e4n kuin v\u00e4l\u00e4hdyksi\u00e4 jatkuvasta tapahtumien sarjasta. Muuntumisen ja avoimuuden ajatus kuvastaa my\u00f6s ty\u00f6skentelyprosessiani. Maalatessa joutuu vastaamaan samoihin kysymyksiin kuin muissakin el\u00e4m\u00e4n ja arjen tilanteissa. Pohdin mill\u00e4 tavoin maalaus voi sek\u00e4 kuvata ett\u00e4 tukea muutosvalmiutta ja menneeseen takertumatonta mielt\u00e4. Akvarelleja maalatessani otteeni on toisenlainen. Tarkastelen graafisen aiheen suhdetta tilaan [&hellip;]<\/p>\n","protected":false},"author":1,"featured_media":0,"parent":0,"menu_order":0,"comment_status":"open","ping_status":"open","template":"page-templates\/front-page.php","meta":{"ngg_post_thumbnail":0,"footnotes":""},"class_list":["post-20","page","type-page","status-publish","hentry"],"_links":{"self":[{"href":"https:\/\/www.raunisipila.fi\/index.php?rest_route=\/wp\/v2\/pages\/20","targetHints":{"allow":["GET"]}}],"collection":[{"href":"https:\/\/www.raunisipila.fi\/index.php?rest_route=\/wp\/v2\/pages"}],"about":[{"href":"https:\/\/www.raunisipila.fi\/index.php?rest_route=\/wp\/v2\/types\/page"}],"author":[{"embeddable":true,"href":"https:\/\/www.raunisipila.fi\/index.php?rest_route=\/wp\/v2\/users\/1"}],"replies":[{"embeddable":true,"href":"https:\/\/www.raunisipila.fi\/index.php?rest_route=%2Fwp%2Fv2%2Fcomments&post=20"}],"version-history":[{"count":47,"href":"https:\/\/www.raunisipila.fi\/index.php?rest_route=\/wp\/v2\/pages\/20\/revisions"}],"predecessor-version":[{"id":301,"href":"https:\/\/www.raunisipila.fi\/index.php?rest_route=\/wp\/v2\/pages\/20\/revisions\/301"}],"wp:attachment":[{"href":"https:\/\/www.raunisipila.fi\/index.php?rest_route=%2Fwp%2Fv2%2Fmedia&parent=20"}],"curies":[{"name":"wp","href":"https:\/\/api.w.org\/{rel}","templated":true}]}}