{"id":2,"date":"2013-01-10T20:03:39","date_gmt":"2013-01-10T20:03:39","guid":{"rendered":"http:\/\/localhost\/wordpress\/?page_id=2"},"modified":"2020-04-01T14:49:48","modified_gmt":"2020-04-01T11:49:48","slug":"esimerkkisivu","status":"publish","type":"page","link":"https:\/\/www.raunisipila.fi\/?page_id=2","title":{"rendered":"CV"},"content":{"rendered":"<p><strong>CV In English <a title=\"Cv in english\" href=\"http:\/\/www.raunisipila.fi\/?page_id=162\">from here<\/a><\/strong><\/p>\n<p>&nbsp;<\/p>\n<p class=\"western\"><strong>TAIDEOPINNOT<\/strong><\/p>\n<p class=\"western\">Vapaa taidekoulu, avoimet luokat 1977-1978<\/p>\n<p class=\"western\">Vapaa taidekoulu, ammatilliset luokat 1978-1982<\/p>\n<p>&nbsp;<\/p>\n<p class=\"western\"><strong>YKSITYISN\u00c4YTTELYT<\/strong><\/p>\n<p class=\"western\">2018 N\u00e4yttelytila Arthur, Helsinki, \u201dImpressioita\u201d, \u00f6ljymaalauksia<\/p>\n<p class=\"western\">2015 Galleria Johan S., Helsinki, \u201dP\u00e4iv\u00e4 puutarhassa\u201d, akvarelleja<\/p>\n<p class=\"western\">2012 Galleria BE 19, Helsinki, \u201dVesimaisemia\u201d, \u00f6ljymaalauksia<\/p>\n<p class=\"western\">2012 Galleria Kapriisi, Tampere, \u00f6ljymaalauksia<\/p>\n<p class=\"western\">2012 Galleria Rikhard, Helsinki, \u201dSuvantoja\u201d, \u00f6ljymaalauksia<\/p>\n<p class=\"western\">2010 Galleria BE 19, Helsinki, \u201d Hetkist\u00e4 \u2013 valosta\u201d, \u00f6ljymaalauksia<\/p>\n<p class=\"western\">2008 Kulmagalleria, Helsinki, \u201dV\u00e4rivalintoja\u201d, \u00f6ljymaalauksia<\/p>\n<p class=\"western\">2008 Aralis, Helsinki, \u201dV\u00e4rit neli\u00f6ss\u00e4\u201d, \u00f6ljymaalauksia<\/p>\n<p class=\"western\">2008 Galleria Seriola, Tampere, \u201dOlemisen paikka\u201d, \u00f6ljymaalauksia<\/p>\n<p class=\"western\">2006 Galleria Johan S. Helsinki, \u201dAvoin tila\u201d, \u00f6ljymaalauksia<\/p>\n<p class=\"western\">2005 Galleria Johan S. Helsinki, \u201dKasvimaailmoita\u201d, \u00f6ljymaalauksia<\/p>\n<p class=\"western\">2004 Frantsilan Keh\u00e4kukka, H\u00e4meenkyr\u00f6, \u00f6ljymaalauksia<\/p>\n<ol start=\"2002\">\n<li>\n<p class=\"western\">Galleria Johan S., Helsinki, \u201dIlman ja veden elementit\u201d, akvarelleja<\/p>\n<\/li>\n<\/ol>\n<ol start=\"2000\">\n<li>\n<p class=\"western\">Galleria Johan S., Helsinki, \u00f6ljymaalauksia<\/p>\n<\/li>\n<\/ol>\n<ol start=\"1999\">\n<li>\n<p class=\"western\">Neli\u00f6-galleria, Oulu, \u201dPuistomuistoja\u201d, akvarelleja ja \u00f6ljymaalauksia<\/p>\n<\/li>\n<\/ol>\n<ol start=\"1998\">\n<li>\n<p class=\"western\">Galleria Katariina, Helsinki, \u201dLiike ja pys\u00e4hdys\u201d, akvarelleja ja \u00f6ljymaalauksia<\/p>\n<\/li>\n<\/ol>\n<ol start=\"1996\">\n<li>\n<p class=\"western\">Piha-galleria, Lahti, akvarelleja ja \u00f6ljymaalauksia<\/p>\n<\/li>\n<\/ol>\n<ol start=\"1996\">\n<li>\n<p class=\"western\">Galleria Johan S., Porvoo, \u201dKasvun kuvat\u201d, akvarelleja ja akryylimaalauksia<\/p>\n<\/li>\n<\/ol>\n<ol start=\"1995\">\n<li>\n<p class=\"western\">Galleri Ida, Tukholma, akryylimaalauksia<\/p>\n<\/li>\n<\/ol>\n<ol start=\"1994\">\n<li>\n<p class=\"western\">Galleria Duetto, Helsinki, akvarelleja<\/p>\n<\/li>\n<\/ol>\n<ol start=\"1993\">\n<li>\n<p class=\"western\">Galleria Sirius, Jyv\u00e4skyl\u00e4, akryylimaalauksia ja akvarelleja<\/p>\n<\/li>\n<\/ol>\n<ol start=\"1991\">\n<li>\n<p class=\"western\">Galleria Janus, Helsinki, akryylimaalauksia ja akvarelleja<\/p>\n<\/li>\n<\/ol>\n<ol start=\"1990\">\n<li>\n<p class=\"western\">Galleria Duetto, Helsinki, akryylimaalauksia ja akvarelleja<\/p>\n<\/li>\n<\/ol>\n<p class=\"western\">1989 K\u00e4pyl\u00e4n seurakuntakeskus, akryyli- ja \u00f6ljymaalauksia<\/p>\n<ol start=\"1987\">\n<li>\n<p class=\"western\">Galleria Duetto, Helsinki, \u00f6ljymaalauksia<\/p>\n<\/li>\n<\/ol>\n<ol start=\"1985\">\n<li>\n<p class=\"western\">Galleria Sumulehto, Helsinki, \u00f6ljymaalauksia<\/p>\n<\/li>\n<\/ol>\n<p>&nbsp;<\/p>\n<p class=\"western\"><strong>YHTEISN\u00c4YTTELYT<\/strong><\/p>\n<p class=\"western\">2020 &#8221;Talvi&#8221;, akvarellin\u00e4yttely, Galleria Akvart, Helsinki&nbsp;<\/p>\n<p class=\"western\">2019 Vuosin\u00e4yttely, Suomen Akvarellitaiteen yhdistys, Kaapelitehdas, Helsinki<\/p>\n<p class=\"western\" lang=\"en-US\">2019 International Water Colour Association, Kaapelitehdas, Helsinki<\/p>\n<p class=\"western\">2018 \u201d Uskalla uudistua\u201d, Galleria Fogga, Helsinki<\/p>\n<p class=\"western\">2016 \u201dYhteiset v\u00e4rit\u201d, Rauni Sipil\u00e4 ja Tiina Sipil\u00e4, Rantakasarmi, Helsinki<\/p>\n<p class=\"western\">2016 \u201dMets\u00e4\u201d, Suomen Akvarellitaiteen Yhdistys, Galleria Emil, Tampere<\/p>\n<p class=\"western\">ja Galleria Akvart, Helsinki<\/p>\n<p class=\"western\">2016 Baltic Bridges Biennaali, Kaunas, Liettua<\/p>\n<p class=\"western\">2015 ECWS Llancan akvarellimuseo, Llanca, Catalonia<\/p>\n<p class=\"western\">2015 \u201d Pro Helsinki-luonto\u201d, ryhm\u00e4n\u00e4yttely, Malmitalo, Helsinki<\/p>\n<p class=\"western\">2015 \u201dHelsingin taivaan alla\u201d, ryhm\u00e4n\u00e4yttely, R\u00f6\u00f6perin Taidesalonki<\/p>\n<p class=\"western\">2014 Baltic Bridges Biennaali, Kaunas, Liettua (diplomi)<\/p>\n<p class=\"western\">2014 \u201dKriisi\u201d, Suomenlinnan Rantakasarmi, Helsinki<\/p>\n<p class=\"western\">2013 \u201dValo\u201d, Helsingin Taiteilijaseura, Stoa, Helsinki<\/p>\n<p class=\"western\">2013 Kes\u00e4n\u00e4yttely, Galleria BE19, Helsinki<\/p>\n<p class=\"western\">2012 \u201dOnnen oleminen\u201d, yhteis\u00f6llinen n\u00e4yttelykokonaisuus, Myllypuron<\/p>\n<p class=\"western\">Vanhustenkeskus, Helsinki<\/p>\n<p class=\"western\">2008 \u201dUudet maan kuvat\u201d, Artborg 35 Kulttuurikeskus, Sipoo<\/p>\n<p class=\"western\">2008 Galleria Seriolan kes\u00e4n\u00e4yttely, Putikon Hovi, Putikko<\/p>\n<p class=\"western\">2008 \u201dSatama ja meri\u201d,Suomen Akvarellitaiteen Yhdistys, Suomen Joutsen, Turku<\/p>\n<p class=\"western\">2007 SKjL:n vuosin\u00e4yttely, K.H.Renlundin museo, Kokkola<\/p>\n<p class=\"western\">2007 \u201d I love Helsinki\u201d, Suomenlinnan Rantakasarmi, Helsinki<\/p>\n<p class=\"western\">2006 \u201dErotique\u201d, Helsingin Taiteilijaseura, Galleria Katariina, Helsinki<\/p>\n<p class=\"western\">2006 \u201dMinun Helsinkini\u201d, Suomen akavarellitaiteen yhd., Sanomatalo, Helsinki<\/p>\n<p class=\"western\">2005 \u201dTunteet\u201d, Helsingin Taiteilijaseura, Galleria Katariina, Helsinki<\/p>\n<p class=\"western\">2004 \u201dUudet maan kuvat\u201d, Uudenmaan kuvataiteilijat, Porvoon Taidetehdas<\/p>\n<p class=\"western\">2004 \u201dTake Away\u201d, Galleria Johan S. Helsinki<\/p>\n<ol start=\"2003\">\n<li>\n<p class=\"western\">\u201dV\u00e4rien lumo\u201d,akvarelleja, Emil Cedercreutz Museo, ja Imatran Taidemuseo<\/p>\n<\/li>\n<\/ol>\n<p class=\"western\">2003 \u201dKes\u00e4karuselli\u201d, Kulmagalleria, Helsinki<\/p>\n<p class=\"western\">2003 \u201dDuuni\u201d, Helsingin Taiteilijaseura, Galleria Katariina, Helsinki<\/p>\n<p class=\"western\">2001 \u201dNordisk akvarell 2001, Mikkelin Taidemuseo ja Pohjanmaan museo, Vaasa<\/p>\n<p class=\"western\">2001 \u201dKallio kipunoi\u201d, Kulmagalleria, Helsinki<\/p>\n<p class=\"western\">1998 \u201dtuuli lounaasta 10m\/s, Helsingin taiteilijaseura, Suomenlinna, Helsinki<\/p>\n<p class=\"western\">1997 Helsingin taiteilijaseura, 30-vuotisjuhlan\u00e4yttely, Kaapelitehdas, Helsinki<\/p>\n<ol start=\"1995\">\n<li>\n<p class=\"western\">\u201dAnatomie fur Kunstler\u201d, Malmitalo, Helsinki<\/p>\n<\/li>\n<\/ol>\n<p class=\"western\">1993 Helsingin taiteilijaseura Taiteiden y\u00f6ss\u00e4, Akateeminen kirjakauppa, Helsinki<\/p>\n<ol start=\"1991\">\n<li>\n<p class=\"western\">Maalareita ja graafikkoja, Neli\u00f6-galleria, Oulu<\/p>\n<\/li>\n<\/ol>\n<p class=\"western\">1992 Helsingin taiteilijaseura 25 v., Esplanadi, Helsinki<\/p>\n<p class=\"western\">1991 SKjL, vuosin\u00e4yttely, Pohjanmaan museo, Vaasa<\/p>\n<p class=\"western\">1990 Suomen taiteilijaseuran vuosin\u00e4yttely, Helsingin Taidehalli<\/p>\n<p class=\"western\">1988 Suomen taiteilijaseuran vuosin\u00e4yttely, Helsingin Taidehalli<\/p>\n<ol start=\"1982\">\n<li>\n<p class=\"western\">Vapaa Taidekoulu, opettajia ja oppilaita, Porin Taidemuseo<\/p>\n<\/li>\n<\/ol>\n<p>&nbsp;<\/p>\n<p class=\"western\"><strong>J\u00c4SENYYDET<\/strong><\/p>\n<p class=\"western\">Taidemaalariliitto<\/p>\n<p class=\"western\">Helsingin taiteilijaseura<\/p>\n<p class=\"western\">Nordiska Akvarells\u00e4llskapet<\/p>\n<p class=\"western\">Suomen Akvarellitaiteen Yhdistys<\/p>\n<p>&nbsp;<\/p>\n<p class=\"western\"><strong>MUU TOIMINTA<\/strong><\/p>\n<p class=\"western\">Taidemaalariliiton j\u00e4senvalintalautakunnan j\u00e4sen 1999<\/p>\n<p class=\"western\">Suomen Taiteilijaseuran edustajiston j\u00e4sen 1999, 2009-10<\/p>\n<p>&nbsp;<\/p>\n<p class=\"western\"><strong>TY\u00d6SKENTELY\u00c4 ULKOMAILLA<\/strong><\/p>\n<p class=\"western\">Marbella, Espanja, 1988 (Suomen Taiteilijaseuran ateljees\u00e4\u00e4ti\u00f6)<\/p>\n<p class=\"western\">Grassina, Italia, 1991, 1998 ja 2013 (Suomen Taiteilijaseuran ateljees\u00e4\u00e4ti\u00f6)<\/p>\n<p class=\"western\">Ateena, Kreikka, 2006 (Suomen Taiteilijaseuran ateljees\u00e4\u00e4ti\u00f6)<\/p>\n<p>&nbsp;<\/p>\n<p class=\"western\"><strong>T\u00d6IT\u00c4 KOKOELMISSA<\/strong><\/p>\n<p class=\"western\">Area, A-Vakuutus, Ekokem Oy, Elinkeinoel\u00e4m\u00e4n Valtuuskunta (EVA), Okopankki<\/p>\n<p class=\"western\">Oyj, Pop\/Jazz konservatorio, Merita, Sonera, Suomen Kiinteist\u00f6liitto, Suomen<\/p>\n<p class=\"western\">Pankkiyhdistys, Suomen Taideyhdistys,<\/p>\n<p>&nbsp;<\/p>\n<p class=\"western\"><strong>HENKIL\u00d6TIETOJA<\/strong><\/p>\n<p class=\"western\">s. 1938 Suomussalmi<\/p>\n<p class=\"western\">fil. kand. 1963 Helsingin yliopisto<\/p>\n<p class=\"western\">Osoite: Mannerheimintie 47A13, 00250 Helsinki<\/p>\n<p class=\"western\">Ty\u00f6huone: Niementie 20, 39100 H\u00e4meenkyr\u00f6<\/p>\n<p>&nbsp;<\/p>\n<p class=\"western\"><strong>Nettisivut:<\/strong><\/p>\n<p class=\"western\"><span style=\"color: #0000ff;\"><u><a href=\"http:\/\/www.rauni.sipila.fi\/\">www.raunisipila.fi<\/a><\/u><\/span><\/p>\n<p class=\"western\"><a href=\"http:\/\/www.kuvataiteilijamatrikkeli.fi\" target=\"_blank\" rel=\"noopener noreferrer\">www.kuvataiteilijamatrikkeli.fi<\/a><\/p>\n<p>&nbsp;<\/p>\n<p>&nbsp;<\/p>\n","protected":false},"excerpt":{"rendered":"<p>CV In English from here &nbsp; TAIDEOPINNOT Vapaa taidekoulu, avoimet luokat 1977-1978 Vapaa taidekoulu, ammatilliset luokat 1978-1982 &nbsp; YKSITYISN\u00c4YTTELYT 2018 N\u00e4yttelytila Arthur, Helsinki, \u201dImpressioita\u201d, \u00f6ljymaalauksia 2015 Galleria Johan S., Helsinki, \u201dP\u00e4iv\u00e4 puutarhassa\u201d, akvarelleja 2012 Galleria BE 19, Helsinki, \u201dVesimaisemia\u201d, \u00f6ljymaalauksia 2012 Galleria Kapriisi, Tampere, \u00f6ljymaalauksia 2012 Galleria Rikhard, Helsinki, \u201dSuvantoja\u201d, \u00f6ljymaalauksia 2010 Galleria BE 19, [&hellip;]<\/p>\n","protected":false},"author":1,"featured_media":0,"parent":0,"menu_order":0,"comment_status":"open","ping_status":"open","template":"page-templates\/front-page.php","meta":{"ngg_post_thumbnail":0,"footnotes":""},"class_list":["post-2","page","type-page","status-publish","hentry"],"_links":{"self":[{"href":"https:\/\/www.raunisipila.fi\/index.php?rest_route=\/wp\/v2\/pages\/2","targetHints":{"allow":["GET"]}}],"collection":[{"href":"https:\/\/www.raunisipila.fi\/index.php?rest_route=\/wp\/v2\/pages"}],"about":[{"href":"https:\/\/www.raunisipila.fi\/index.php?rest_route=\/wp\/v2\/types\/page"}],"author":[{"embeddable":true,"href":"https:\/\/www.raunisipila.fi\/index.php?rest_route=\/wp\/v2\/users\/1"}],"replies":[{"embeddable":true,"href":"https:\/\/www.raunisipila.fi\/index.php?rest_route=%2Fwp%2Fv2%2Fcomments&post=2"}],"version-history":[{"count":17,"href":"https:\/\/www.raunisipila.fi\/index.php?rest_route=\/wp\/v2\/pages\/2\/revisions"}],"predecessor-version":[{"id":435,"href":"https:\/\/www.raunisipila.fi\/index.php?rest_route=\/wp\/v2\/pages\/2\/revisions\/435"}],"wp:attachment":[{"href":"https:\/\/www.raunisipila.fi\/index.php?rest_route=%2Fwp%2Fv2%2Fmedia&parent=2"}],"curies":[{"name":"wp","href":"https:\/\/api.w.org\/{rel}","templated":true}]}}