{"id":162,"date":"2013-02-04T10:51:26","date_gmt":"2013-02-04T08:51:26","guid":{"rendered":"http:\/\/maire.kapsi.fi\/wordpress\/?page_id=162"},"modified":"2020-04-01T14:50:58","modified_gmt":"2020-04-01T11:50:58","slug":"cv-in-english","status":"publish","type":"page","link":"http:\/\/www.raunisipila.fi\/?page_id=162","title":{"rendered":"Cv in English"},"content":{"rendered":"<p class=\"western\" lang=\"en-GB\"><strong>ART STUDIES<\/strong><\/p>\n<p class=\"western\" lang=\"en-GB\">Free Art School, open classes 1977-1978<\/p>\n<p class=\"western\" lang=\"en-GB\">Free Art School, professional classes 1978-1982<\/p>\n<p lang=\"en-GB\">&nbsp;<\/p>\n<p class=\"western\" lang=\"en-GB\"><strong>PRIVATE EXHIBITIONS<\/strong><\/p>\n<p class=\"western\" lang=\"en-GB\">2018 \u201cImpressions\u201d, oil paintings, Gallery Arthur, Helsinki<\/p>\n<p class=\"western\"><span lang=\"en-GB\">2015 \u201cA Day in the Garden, Aquarelles, Gallery Johan S., Helsinki <\/span><\/p>\n<p class=\"western\" lang=\"en-GB\">2012 \u201cWater Landscapes\u201d, Gallery BE19, Helsinki<\/p>\n<p class=\"western\" lang=\"en-GB\">2012 \u201cQuiet Waters\u201d, Gallery Rikhard, Helsinki<\/p>\n<p class=\"western\" lang=\"en-GB\">2012 Oil paintings, Gallery Kapriisi, Tampere<\/p>\n<p class=\"western\" lang=\"en-GB\">2010 \u201cMoments \u2013 light\u201d, oil paintings, Gallery BE 19, Helsinki<\/p>\n<p class=\"western\" lang=\"en-GB\">2008 \u201cColours in Square\u201d, oil paintings, Aralis, Helsinki and Kulma-Gallery, Helsinki<\/p>\n<p class=\"western\" lang=\"en-GB\">2008 \u201cThe Place to Be\u201d, oil paintings, Gallery Seriola, Tampere<\/p>\n<p class=\"western\" lang=\"en-GB\">2006 \u201cOpen Space\u201d, oil paintings, Gallery Johan S., Helsinki<\/p>\n<p class=\"western\" lang=\"en-GB\">2005 \u201cPlant Worlds\u201d, oil paintings, Gallery Johan S., Helsinki<\/p>\n<p class=\"western\" lang=\"en-GB\">2005 \u201cFrom Gardener\u00b4s Diary\u201d, oil paintings, Keh\u00e4kukka, H\u00e4meenkyr\u00f6<\/p>\n<p class=\"western\" lang=\"en-GB\">2002 \u201cElements of Air and Water\u201d,water colour paintings, Gallery Johan S., Helsinki<\/p>\n<p class=\"western\" lang=\"en-GB\">2000 Oil paintings, Gallery Johan S. Helsinki<\/p>\n<ol start=\"1999\">\n<li>\n<p class=\"western\" lang=\"en-GB\">Oil and water colour paintings, Neli\u00f6-Gallery, Oulu<\/p>\n<\/li>\n<\/ol>\n<ol start=\"1998\">\n<li>\n<p class=\"western\" lang=\"en-GB\">\u201cMovement and Halt\u201d, oil and water colour paintings, Gallery Katariina, Helsinki<\/p>\n<\/li>\n<\/ol>\n<ol start=\"1996\">\n<li>\n<p class=\"western\" lang=\"en-GB\">Acrylic and water colour paintings, Piha-Gallery, Lahti<\/p>\n<\/li>\n<\/ol>\n<ol start=\"1996\">\n<li>\n<p class=\"western\" lang=\"en-GB\">\u201cPictures of Growth\u201d, oil paintings, Gallery Johan S., Porvoo<\/p>\n<\/li>\n<\/ol>\n<ol start=\"1995\">\n<li>\n<p class=\"western\" lang=\"en-GB\">Oil and water colour paintings, Gallery Ida, Stockholm<\/p>\n<\/li>\n<\/ol>\n<ol start=\"1994\">\n<li>\n<p class=\"western\" lang=\"en-GB\">Water colour paintings, Gallery Duetto, Helsinki<\/p>\n<\/li>\n<\/ol>\n<ol start=\"1993\">\n<li>\n<p class=\"western\" lang=\"en-GB\">Oil and water colour paintings, Gallery Sirius, Jyv\u00e4skyl\u00e4<\/p>\n<\/li>\n<\/ol>\n<p class=\"western\" lang=\"en-GB\">1991 Acrylic and water colour paintings, Gallery Janus, Helsinki<\/p>\n<p class=\"western\" lang=\"en-GB\">1990 Acrylic and water colour paintings, Gallery Duetto, Helsinki<\/p>\n<p class=\"western\" lang=\"en-GB\">1989 Acrylic and oil paintings, K\u00e4pyl\u00e4 Church, Helsinki<\/p>\n<p class=\"western\" lang=\"en-GB\">1987 Oil paintings, Gallery Duetto, Helsinki<\/p>\n<p class=\"western\" lang=\"en-GB\">1985 Oil paintings, Gallery Sumulehto, Helsinki<\/p>\n<p lang=\"en-GB\">&nbsp;<\/p>\n<p class=\"western\" lang=\"en-GB\"><strong>EXHIBITIONS WITH OTHERS<\/strong><\/p>\n<p lang=\"en-GB\">2020 &#8221;Winter&#8221;, aquarelles, Gallery Akvart, Helsinki<\/p>\n<p lang=\"en-GB\">2019 &#8221;Nature, Power, Beauty&#8221;, International Water Colour Society in<br \/>\nHelsinki<\/p>\n<p lang=\"en-GB\">2019 The Association of Finnish Aquarelle Artists, annual exhibition<\/p>\n<p lang=\"en-GB\">2018 Group exhibition in Gallery Fogga, Helsinki<\/p>\n<p class=\"western\">2016 \u201cOur Colours\u201d, Rauni Sipil\u00e4 and Tiina Sipil\u00e4 in Rantakasarmi Gallery, Helsinki<\/p>\n<p class=\"western\" lang=\"en-GB\">2016 \u201cForest\u201d, The Association of Finnish Aquarelle Art, Gallery Emil, Tampere<\/p>\n<p class=\"western\" lang=\"en-GB\">2015 \u201cECWS annual exhibition, The Aquarelle Museum of Llanca, Catalonia<\/p>\n<p class=\"western\" lang=\"en-GB\">2015 \u201cPro Helsinki Nature\u201d, Malmitalo, Helsinki<\/p>\n<p class=\"western\" lang=\"en-GB\">2015 \u201cUnder the Sky of Helsinki\u201d, R\u00f6\u00f6peri Gallery, Helsinki<\/p>\n<p class=\"western\" lang=\"en-GB\">2014 \u201cResonance\u201d, Baltic Bridges Biennal, Kaunas, Lithuania<\/p>\n<p class=\"western\">2014 \u201cCrisis\u201d, Helsinki Art Association, Rantakasarmi, Helsinki<\/p>\n<p class=\"western\"><span lang=\"en-GB\">2013 Summer exhibition, Gallery BE19, Helsinki<\/span><\/p>\n<p class=\"western\"><span lang=\"en-US\">2012 \u201dLight\u201d, Helsinki Art Association, Stoa, Helsinki<\/span><\/p>\n<p class=\"western\">2010 \u201cOnnen oleminen\u201d, Myllypuro Hospital, Helsinki<\/p>\n<p class=\"western\" lang=\"en-GB\">2008 Artists of Uusimaa, Artborg Culture Center, Sipoo<\/p>\n<p class=\"western\" lang=\"en-GB\">2008 Gallery Seriola in Putikonhovi, Putikko<\/p>\n<p class=\"western\" lang=\"en-GB\">2008 \u201cHarbour and Sea, water colur paintings, Turku<\/p>\n<p class=\"western\" lang=\"en-GB\">2007 \u201cMinimi\u201d, SKjL Annual exhibition, K.H. Renlund Museum, Kokkola<\/p>\n<p class=\"western\">2007 \u201c I love Helsinki\u201d, Helsinki Art Association, Suomenlinna, Helsinki<\/p>\n<p class=\"western\">2006 \u201cErotique\u201d, Gallery Katariina, Helsinki<\/p>\n<p class=\"western\">2006 \u201cMy Helsinki\u201d, Sanomatalo, Helsinki<\/p>\n<p class=\"western\">2005 \u201dEmotions\u201d, Gallery Katariina, Helsinki<\/p>\n<p class=\"western\" lang=\"en-US\">2004 Artists of Uusimaa, Porvoo<\/p>\n<p class=\"western\" lang=\"en-GB\">2004 \u201cTake Away\u201d, Gallery Johan S. Helsinki<\/p>\n<p class=\"western\" lang=\"en-GB\">2003 \u201cThe Enchantment of Colour\u201d, Emil Cedercreuz Museum, Harjavalta and Imatra<\/p>\n<p class=\"western\" lang=\"en-GB\">Art Museum<\/p>\n<ol start=\"2003\">\n<li>\n<p class=\"western\">\u201dSummer Carousel\u201d, Kulma-Gallery, Helsinki<\/p>\n<\/li>\n<\/ol>\n<p class=\"western\">2001 \u201dNorthern Aquarelle 2001\u201d, Mikkeli Art Museum and Pohjanmaa Museum, Vaasa<\/p>\n<p class=\"western\">2001 \u201dKallio Sparks\u201d, Kulma-Gallery, Helsinki<\/p>\n<p class=\"western\">1998 Helsinki Art Association in Suomenlinna, Helsinki<\/p>\n<p class=\"western\"><span lang=\"en-GB\">1997 Helsinki Art Association 30<\/span><sup><span lang=\"en-GB\">th<\/span><\/sup><span lang=\"en-GB\"> anniversary exhibition, Kaapelitehdas, Helsinki, 1997 1996 \u201dAnatomie fur Kunstler\u201d, Malmitalo, Helsinki<\/span><\/p>\n<p class=\"western\" lang=\"en-GB\">1993 Helsinki Art Asssociation in the Academic Book Store, Helsinki<\/p>\n<p class=\"western\" lang=\"en-GB\">1992 Painters and Graphic Artists, Neli\u00f6-Gallery, Oulu<\/p>\n<p class=\"western\" lang=\"en-GB\">1992 Helsinki Art Association, Esplanadi, Helsinki<\/p>\n<ol start=\"1990\">\n<li>\n<p class=\"western\">SKjL annual exhibition, Pohjanmaa Museum, Vaasa<\/p>\n<\/li>\n<\/ol>\n<p class=\"western\" lang=\"en-GB\">1990 Finnish Artists\u00b4 annual exhibition, The Art Hall of Helsinki<\/p>\n<p class=\"western\" lang=\"en-GB\">1988 Finnish Artists\u00b4 annual exhibition, The Art Hall of Helsinki<\/p>\n<ol start=\"1982\">\n<li>\n<p class=\"western\" lang=\"en-GB\">Free Art School, Pori Art Museum, Pori<\/p>\n<\/li>\n<\/ol>\n<p lang=\"en-GB\">&nbsp;<\/p>\n<p class=\"western\" lang=\"en-GB\"><strong>MEMBERSHIPS<\/strong><\/p>\n<p class=\"western\" lang=\"en-GB\">Finnish Painters\u00b4 Union<\/p>\n<p class=\"western\" lang=\"en-GB\">Helsinki Art Association<\/p>\n<p class=\"western\" lang=\"en-GB\">Nordiska Akvarells\u00e4llskapet<\/p>\n<p class=\"western\" lang=\"en-GB\">The Association of Finnish Aquarelle Art<\/p>\n<p lang=\"en-GB\">&nbsp;<\/p>\n<p class=\"western\" lang=\"en-GB\"><strong>WORK IN ART ASSOCIATIONS<\/strong><\/p>\n<p class=\"western\" lang=\"en-GB\">Membership in the member election committee of the Painters\u00b4 Union, 1999<\/p>\n<p class=\"western\" lang=\"en-GB\">Member of the delegation of the Artists\u00b4 Association of Finland 1999, 2009-10<\/p>\n<p>&nbsp;<\/p>\n<p class=\"western\"><strong>PERSONAL DATA<\/strong><\/p>\n<p class=\"western\">Born 1938, Suomussalmi, Finland<\/p>\n<p class=\"western\">M.A. Helsinki University, 1963<\/p>\n<p class=\"western\">Address: Mannerheimintie 47A13, 00250 Helsinki<\/p>\n<p class=\"western\">Studio: Niementie 24, 39100 H\u00e4meenkyr\u00f6<\/p>\n","protected":false},"excerpt":{"rendered":"<p>ART STUDIES Free Art School, open classes 1977-1978 Free Art School, professional classes 1978-1982 &nbsp; PRIVATE EXHIBITIONS 2018 \u201cImpressions\u201d, oil paintings, Gallery Arthur, Helsinki 2015 \u201cA Day in the Garden, Aquarelles, Gallery Johan S., Helsinki 2012 \u201cWater Landscapes\u201d, Gallery BE19, Helsinki 2012 \u201cQuiet Waters\u201d, Gallery Rikhard, Helsinki 2012 Oil paintings, Gallery Kapriisi, Tampere 2010 \u201cMoments [&hellip;]<\/p>\n","protected":false},"author":1,"featured_media":0,"parent":0,"menu_order":0,"comment_status":"closed","ping_status":"closed","template":"","meta":{"ngg_post_thumbnail":0,"footnotes":""},"class_list":["post-162","page","type-page","status-publish","hentry"],"_links":{"self":[{"href":"http:\/\/www.raunisipila.fi\/index.php?rest_route=\/wp\/v2\/pages\/162","targetHints":{"allow":["GET"]}}],"collection":[{"href":"http:\/\/www.raunisipila.fi\/index.php?rest_route=\/wp\/v2\/pages"}],"about":[{"href":"http:\/\/www.raunisipila.fi\/index.php?rest_route=\/wp\/v2\/types\/page"}],"author":[{"embeddable":true,"href":"http:\/\/www.raunisipila.fi\/index.php?rest_route=\/wp\/v2\/users\/1"}],"replies":[{"embeddable":true,"href":"http:\/\/www.raunisipila.fi\/index.php?rest_route=%2Fwp%2Fv2%2Fcomments&post=162"}],"version-history":[{"count":19,"href":"http:\/\/www.raunisipila.fi\/index.php?rest_route=\/wp\/v2\/pages\/162\/revisions"}],"predecessor-version":[{"id":437,"href":"http:\/\/www.raunisipila.fi\/index.php?rest_route=\/wp\/v2\/pages\/162\/revisions\/437"}],"wp:attachment":[{"href":"http:\/\/www.raunisipila.fi\/index.php?rest_route=%2Fwp%2Fv2%2Fmedia&parent=162"}],"curies":[{"name":"wp","href":"https:\/\/api.w.org\/{rel}","templated":true}]}}